{"id":954,"date":"2020-06-15T23:15:56","date_gmt":"2020-06-15T21:15:56","guid":{"rendered":"https:\/\/www2.leperchay.fr\/?page_id=954"},"modified":"2024-09-19T22:35:55","modified_gmt":"2024-09-19T20:35:55","slug":"dechets","status":"publish","type":"page","link":"https:\/\/leperchay.fr\/index.php\/dechets\/","title":{"rendered":"D\u00e9chets"},"content":{"rendered":"\n<p><em><strong>Ramassage d\u00e9chets<\/strong><\/em><\/p>\n\n\n\n<p>Les collectes des d\u00e9chets s\u2019effectuent :<\/p>\n\n\n\n<ul class=\"wp-block-list\">\n<li>Le mercredi pour les <strong>ordures m\u00e9nag\u00e8res<\/strong><\/li>\n\n\n\n<li>Le mardi toutes les 2 semaines pour <strong>les emballages\/papiers (en m\u00e9lange dans le bac jaune).<\/strong><\/li>\n\n\n\n<li>Le vendredi toutes les 4 semaines pour <strong>le verre (dans le bac vert).<\/strong><\/li>\n<\/ul>\n\n\n\n<p>En raison de travaux, les horaires de passage des camions de collecte peuvent \u00eatre modifi\u00e9s. Aussi pour \u00e9viter tout incident, nous vous rappelons que vos bacs doivent \u00eatre sortis la veille au soir du jour de collecte.<br>Le calendrier de collecte est en <a rel=\"noreferrer noopener\" href=\"https:\/\/smirtomduvexin.net\/informations_utiles\/le-perchay\/\" target=\"_blank\">t\u00e9l\u00e9chargement <\/a>.<\/p>\n\n\n\n<p><em><strong>Fin de la collecte des encombrants<\/strong><\/em><\/p>\n\n\n\n<p>Sur d\u00e9cision du Conseil Municipal, pour juguler l\u2019ins\u00e9curit\u00e9 et les d\u00e9sordres dans les rues les soirs et les nuits qui pr\u00e9c\u00e8dent les collectes par le SMIRTOM et puisqu\u2019une d\u00e9ch\u00e8terie est accessible 7j\/7 \u00e0 3 km environ de la commune, la collecte des encombrants est supprim\u00e9e sur le territoire de la commune \u00e0 partir du 1er janvier 2023.<\/p>\n\n\n\n<p>Nous rappelons que laisser des d\u00e9chets sur la voie publique expose \u00e0 une amende forfaitaire jusqu\u2019\u00e0 450\u20ac<\/p>\n\n\n\n<p><em><strong>Notre commune d\u00e9pend de la d\u00e9ch\u00e8terie de VIGNY<\/strong><\/em><\/p>\n\n\n\n<p>Le point d\u2019apport volontaire pour le verre se situe en sortie du village direction Us .<br>Pour toute information compl\u00e9mentaire, veuillez consulter le site de la SMIRTOM : <a rel=\"noreferrer noopener\" href=\"http:\/\/smirtomduvexin.net\/\" target=\"_blank\">http:\/\/smirtomduvexin.net<\/a><\/p>\n\n\n\n<p><em><strong>Ne pas br\u00fbler ses d\u00e9chets v\u00e9g\u00e9taux<\/strong><\/em><\/p>\n\n\n\n<p>Notre commune est un village rural, mais les d\u00e9chets v\u00e9g\u00e9taux doivent \u00eatre apport\u00e9s \u00e0 la d\u00e9ch\u00e8terie. Il est interdit de les br\u00fbler \u00e0 l&#8217;air libre ou dans un incin\u00e9rateur de jardin. <\/p>\n\n\n\n<p>Le br\u00fblage provoque des nuisances dans le voisinage: la fum\u00e9e et les odeurs d\u00e9gag\u00e9es sont d\u00e9sagr\u00e9ables. De plus des substances polluantes toxiques pour l&#8217;homme sont \u00e9mises pendant la combustion, d&#8217;autant plus si les v\u00e9g\u00e9taux sont humides. <\/p>\n\n\n\n<p>Pelouse, taille de haies, feuilles mortes, r\u00e9sidus d\u2019\u00e9lagage et de d\u00e9broussaillage, d\u00e9chets d\u2019entretien de massifs et autres d\u00e9chets v\u00e9g\u00e9taux sont donc destin\u00e9s \u00e0 la d\u00e9ch\u00e8terie pour le bien de tous !<\/p>\n","protected":false},"excerpt":{"rendered":"<p>Ramassage d\u00e9chets Les collectes des d\u00e9chets s\u2019effectuent : En raison de travaux, les horaires de passage des camions de collecte peuvent \u00eatre modifi\u00e9s. Aussi pour \u00e9viter tout incident, nous vous rappelons que vos bacs&#46;&#46;&#46;<\/p>\n","protected":false},"author":4,"featured_media":0,"parent":0,"menu_order":0,"comment_status":"closed","ping_status":"closed","template":"","meta":{"footnotes":""},"class_list":["post-954","page","type-page","status-publish","hentry"],"_links":{"self":[{"href":"https:\/\/leperchay.fr\/index.php\/wp-json\/wp\/v2\/pages\/954","targetHints":{"allow":["GET"]}}],"collection":[{"href":"https:\/\/leperchay.fr\/index.php\/wp-json\/wp\/v2\/pages"}],"about":[{"href":"https:\/\/leperchay.fr\/index.php\/wp-json\/wp\/v2\/types\/page"}],"author":[{"embeddable":true,"href":"https:\/\/leperchay.fr\/index.php\/wp-json\/wp\/v2\/users\/4"}],"replies":[{"embeddable":true,"href":"https:\/\/leperchay.fr\/index.php\/wp-json\/wp\/v2\/comments?post=954"}],"version-history":[{"count":1,"href":"https:\/\/leperchay.fr\/index.php\/wp-json\/wp\/v2\/pages\/954\/revisions"}],"predecessor-version":[{"id":2005,"href":"https:\/\/leperchay.fr\/index.php\/wp-json\/wp\/v2\/pages\/954\/revisions\/2005"}],"wp:attachment":[{"href":"https:\/\/leperchay.fr\/index.php\/wp-json\/wp\/v2\/media?parent=954"}],"curies":[{"name":"wp","href":"https:\/\/api.w.org\/{rel}","templated":true}]}}