{"id":915,"date":"2020-06-15T22:05:21","date_gmt":"2020-06-15T20:05:21","guid":{"rendered":"https:\/\/www2.leperchay.fr\/?page_id=915"},"modified":"2020-06-15T22:05:21","modified_gmt":"2020-06-15T20:05:21","slug":"ccas","status":"publish","type":"page","link":"https:\/\/leperchay.fr\/index.php\/ccas\/","title":{"rendered":"CCAS"},"content":{"rendered":"\n<h2 class=\"wp-block-heading\">Centre Communal d\u2019Action Sociale du Perchay (CCAS)<\/h2>\n\n\n\n<ul class=\"wp-block-list\"><li>Le saviez-vous ?<\/li><\/ul>\n\n\n\n<p>Depuis 1986, l\u2019\u00e9tat d\u00e9l\u00e8gue aux collectivit\u00e9s une comp\u00e9tence globale dans le champ de l\u2019action socio m\u00e9dicale. Pr\u00e9sid\u00e9 de plein droit par monsieur le Maire soutenu par un conseil d\u2019administration compos\u00e9 de personnes qualifi\u00e9es, le CCAS est par nature l\u2019institution locale d\u00e9ployant la politique municipale en mati\u00e8re d\u2019action sociale.<\/p>\n\n\n\n<ul class=\"wp-block-list\"><li>Quelles sont ses actions ?<\/li><\/ul>\n\n\n\n<p>A ce titre, de nombreuses activit\u00e9s l\u00e9gales ou facultatives sont propos\u00e9es comme le repas des retrait\u00e9s, le spectacle pour les enfants de notre village en fin d\u2019ann\u00e9e ou diverses aides financi\u00e8res d\u2019urgence.<\/p>\n\n\n\n<p>Suite \u00e0 sa nouvelle nomination en Juin 2014, le conseil d\u2019administration a de nombreuses pistes d\u2019actions en perspective comme des temps d\u2019\u00e9changes th\u00e9matiques pour les retrait\u00e9s, ou encore une bourse aux livres\u2026..<br>Dans le cadre de ces nouvelles activit\u00e9s visant \u00e0 r\u00e9pondre au mieux \u00e0 vos besoins, nous avons le plaisir de vous annoncer que nous nous tenons \u00e0 votre enti\u00e8re disposition, d\u00e8s \u00e0 pr\u00e9sent, pour vous soutenir dans vos d\u00e9marches administratives (gestion factures, r\u00e9daction de courriers\u2026.).<br>Vous pouvez \u00e0 ce sujet contacter\u00a0Vincent Alaimo\u00a0au\u00a006.62.85.67.30 ou par mail (<a href=\"mailto:vincent.alaimo@orange.fr\">vincent.alaimo@orange.fr<\/a>).<\/p>\n\n\n\n<p><em><strong>Restos du c\u0153ur du val d\u2019Oise<\/strong><\/em> : 01.34.11.08.96.<br><a href=\"http:\/\/www.restosducoeur.org\/francemap#regions-liste-restos\">http:\/\/www.restosducoeur.org\/francemap#regions-liste-restos<\/a><\/p>\n\n\n\n<p><em><strong>Secours Populaire<\/strong><\/em> : antenne locale au 2, rue de Gisors, 95750 Chars. T\u00e9l : 01.30.39.85.04.<br><a href=\"https:\/\/www.secourspopulaire.fr\/95\/\">https:\/\/www.secourspopulaire.fr\/95\/<\/a><\/p>\n","protected":false},"excerpt":{"rendered":"<p>Centre Communal d\u2019Action Sociale du Perchay (CCAS) Le saviez-vous ? Depuis 1986, l\u2019\u00e9tat d\u00e9l\u00e8gue aux collectivit\u00e9s une comp\u00e9tence globale dans le champ de l\u2019action socio m\u00e9dicale. Pr\u00e9sid\u00e9 de plein droit par monsieur le Maire&#46;&#46;&#46;<\/p>\n","protected":false},"author":4,"featured_media":0,"parent":0,"menu_order":0,"comment_status":"closed","ping_status":"closed","template":"","meta":{"footnotes":""},"class_list":["post-915","page","type-page","status-publish","hentry"],"_links":{"self":[{"href":"https:\/\/leperchay.fr\/index.php\/wp-json\/wp\/v2\/pages\/915","targetHints":{"allow":["GET"]}}],"collection":[{"href":"https:\/\/leperchay.fr\/index.php\/wp-json\/wp\/v2\/pages"}],"about":[{"href":"https:\/\/leperchay.fr\/index.php\/wp-json\/wp\/v2\/types\/page"}],"author":[{"embeddable":true,"href":"https:\/\/leperchay.fr\/index.php\/wp-json\/wp\/v2\/users\/4"}],"replies":[{"embeddable":true,"href":"https:\/\/leperchay.fr\/index.php\/wp-json\/wp\/v2\/comments?post=915"}],"version-history":[{"count":0,"href":"https:\/\/leperchay.fr\/index.php\/wp-json\/wp\/v2\/pages\/915\/revisions"}],"wp:attachment":[{"href":"https:\/\/leperchay.fr\/index.php\/wp-json\/wp\/v2\/media?parent=915"}],"curies":[{"name":"wp","href":"https:\/\/api.w.org\/{rel}","templated":true}]}}