{"id":321,"date":"2015-12-09T02:07:13","date_gmt":"2015-12-09T01:07:13","guid":{"rendered":"http:\/\/www.leperchay.fr\/?page_id=321"},"modified":"2025-09-30T20:02:22","modified_gmt":"2025-09-30T18:02:22","slug":"entreprises","status":"publish","type":"page","link":"https:\/\/leperchay.fr\/index.php\/entreprises\/","title":{"rendered":"Entreprises"},"content":{"rendered":"\n<p><strong>Restaurant \u00ab\u00a0Kataline\u00a0\u00bb <\/strong><br>Cuisine traditionnelle, burgers, p\u00e2tes, produits frais et locaux, ambiance familiale.<br>Terrasse d\u2019\u00e9t\u00e9 au calme. 3 salles s\u00e9par\u00e9es (salle priv\u00e9e pour 20 personnes max.)<br>26 place de la Croix Bris\u00e9e, 95450 Le Perchay<br>Tel 06.15.97.03.01 \u2013\u00a0<a href=\"https:\/\/madamekatalinseres.eatbu.com\/#reservation\">https:\/\/madamekatalinseres.eatbu.com\/#reservation<\/a><br>Du lundi au samedi 8h-15h<br>Vendredi et Samedi soir 19h-22h vente \u00e0 emporter<\/p>\n\n\n\n<p><strong>Tendances &amp; Tradition<\/strong><br>Sp\u00e9cialiste depuis 2003 de l\u2019agencement d\u2019int\u00e9rieur (cuisine, salle de bain, dressing\u2026)<br>22 Place de la croix Bris\u00e9e, 95450 Le Perchay<br>Tel 01.34.66.01.53 \/ 06.85.20.75.34<br><a href=\"http:\/\/www.tendancesettradition.com\" target=\"_blank\" rel=\"noreferrer noopener\">www.tendancesettradition.com<\/a><\/p>\n\n\n\n<p><strong>Manoli Gonzalez<\/strong><br>Une Autre Lumi\u00e8re<br>Sculpteur&nbsp;C\u00e9ramique<br>19 Grande Rue, 95450 Le Perchay<br>Tel 06.84.66.23.22<br><a href=\"http:\/\/www.taniere-equitation.com\" target=\"_blank\" rel=\"noreferrer noopener\">www.uneautrelumiere.com<\/a><\/p>\n\n\n\n<p><strong>Soci\u00e9t\u00e9 hippique de la Tani\u00e8re \u2013 Centre equestre &amp; Les \u00e9ditions de la Tani\u00e8re<\/strong><br>29 Grande Rue, 95450 Le Perchay<br>01.34.66.04.25 \/ 06.14.96.75.75<br><a href=\"mailto:contact@taniere-equitation.com\">contact@taniere-equitation.com<\/a><br><a href=\"http:\/\/www.taniere-equitation.com\" target=\"_blank\" rel=\"noreferrer noopener\">www.taniere-equitation.com<\/a><\/p>\n\n\n\n<p><strong>Schmidal &amp; Fils<\/strong><br>13 Rue de la Chaumette 95450 Le Perchay<br>01 34 66 06 13<br><a href=\"mailto:contact@schmidale-et-fils.fr\">contact@schmidal-et-fils.fr<\/a><br><a href=\"http:\/\/www.schmidal-et-fils.fr\" target=\"_blank\" rel=\"noreferrer noopener\">www.schmidal-et-fils.fr<\/a><\/p>\n\n\n\n<p><strong>CS SAS \u2013 Cloison amovible<\/strong><br>Faux Plafond<br>Helder COSTA \u2013 06.13.42.65.65<br>29 place de la Croix Bris\u00e9e \u2013 LE PERCHAY<br>01.47.28.73.14 \u2013<a href=\"mailto:cs-sarl@orange.fr\">cs-sarl@orange.fr<\/a><\/p>\n\n\n\n<p><strong>CHRIS Location<\/strong><br>location materiel Vaisselle Nappes<br>Christian LACAN \u2013 06.50.24.21.13<br>30 place de la Croix Bris\u00e9e \u2013 LE PERCHAY<br>01.30.39.21.21 \u2013 <a href=\"mailto:chrisloc95@orange.fr\">chrisloc95@orange.fr<\/a> &#8211; <a rel=\"noreferrer noopener\" href=\"http:\/\/www.chrislocation.net\" target=\"_blank\">www.chrislocation.net<\/a><\/p>\n\n\n\n<p><strong>Le Manoir des Chevaliers<br><\/strong>R\u00e9ception \u2013 Mariage \u2013 S\u00e9minaire<br>1 Grande Rue, 95450 Le Perchay<br>Tel : 01.39.10.15.07<br><a href=\"mailto:contact@lemanoirdeschevaliers.com\">contact@lemanoirdeschevaliers.com<\/a><br><a rel=\"noreferrer noopener\" href=\"http:\/\/www.manoir-des-chevaliers.com\/\" target=\"_blank\">www.manoir-des-chevaliers.com<\/a><\/p>\n\n\n\n<p><strong>Artistik<br><\/strong>Cr\u00e9ation de bijoux fantaisie &amp; home deco<br>(tableaux, mobiles, suspensions) et vente de fourniture (perles et scrap)<br>Tel&nbsp;: 06.76.21.71.63<br><a href=\"mailto:L.artistik@orange.fr\" target=\"_blank\" rel=\"noreferrer noopener\">L.artistik@orange.fr<\/a><br><a href=\"http:\/\/www.facebook.com\/jessartistik\" target=\"_blank\" rel=\"noreferrer noopener\">www.facebook.com\/jessartistik<br><\/a>Boutique en ligne&nbsp;:<a rel=\"noreferrer noopener\" href=\"http:\/\/www.alittlemarket.com\/boutique\/atistik\" target=\"_blank\">www.alittlemarket.com\/boutique\/artistik<\/a><\/p>\n\n\n\n<p><strong>Ferme les Quatre Vents<br><\/strong>EARL Robert<br>Chemin du Mont d\u2019H\u00e9ry, 95450 Le Perchay<br>Tel : 09.71.42.36.39<\/p>\n\n\n\n<p><strong>JML CLIM<br><\/strong>Installation, maintenance et d\u00e9pannage de climatisation et pompe \u00e0 chaleur<br>Julien Mulot<br>5 All\u00e9e de la croix bris\u00e9e<br>T\u00e9l : 06.72.05.35.32<br><a rel=\"noreferrer noopener\" href=\"mailto:cvc.mulot@gmail.com\" target=\"_blank\">cvc.mulot@gmail.com<\/a><br>cvcmulot.wixsite.com\/jmlclim<\/p>\n","protected":false},"excerpt":{"rendered":"<p>Restaurant \u00ab\u00a0Kataline\u00a0\u00bb Cuisine traditionnelle, burgers, p\u00e2tes, produits frais et locaux, ambiance familiale.Terrasse d\u2019\u00e9t\u00e9 au calme. 3 salles s\u00e9par\u00e9es (salle priv\u00e9e pour 20 personnes max.)26 place de la Croix Bris\u00e9e, 95450 Le PerchayTel 06.15.97.03.01 \u2013\u00a0https:\/\/madamekatalinseres.eatbu.com\/#reservationDu&#46;&#46;&#46;<\/p>\n","protected":false},"author":2,"featured_media":0,"parent":0,"menu_order":0,"comment_status":"closed","ping_status":"closed","template":"","meta":{"footnotes":""},"class_list":["post-321","page","type-page","status-publish","hentry"],"_links":{"self":[{"href":"https:\/\/leperchay.fr\/index.php\/wp-json\/wp\/v2\/pages\/321","targetHints":{"allow":["GET"]}}],"collection":[{"href":"https:\/\/leperchay.fr\/index.php\/wp-json\/wp\/v2\/pages"}],"about":[{"href":"https:\/\/leperchay.fr\/index.php\/wp-json\/wp\/v2\/types\/page"}],"author":[{"embeddable":true,"href":"https:\/\/leperchay.fr\/index.php\/wp-json\/wp\/v2\/users\/2"}],"replies":[{"embeddable":true,"href":"https:\/\/leperchay.fr\/index.php\/wp-json\/wp\/v2\/comments?post=321"}],"version-history":[{"count":2,"href":"https:\/\/leperchay.fr\/index.php\/wp-json\/wp\/v2\/pages\/321\/revisions"}],"predecessor-version":[{"id":2205,"href":"https:\/\/leperchay.fr\/index.php\/wp-json\/wp\/v2\/pages\/321\/revisions\/2205"}],"wp:attachment":[{"href":"https:\/\/leperchay.fr\/index.php\/wp-json\/wp\/v2\/media?parent=321"}],"curies":[{"name":"wp","href":"https:\/\/api.w.org\/{rel}","templated":true}]}}