{"id":312,"date":"2015-12-09T01:51:15","date_gmt":"2015-12-09T00:51:15","guid":{"rendered":"http:\/\/www.leperchay.fr\/?page_id=312"},"modified":"2015-12-09T01:51:15","modified_gmt":"2015-12-09T00:51:15","slug":"infos-pratiques","status":"publish","type":"page","link":"https:\/\/leperchay.fr\/index.php\/infos-pratiques\/","title":{"rendered":"Informations Pratiques"},"content":{"rendered":"<p><em><strong>Fourri\u00e8re<\/strong><\/em><br \/>\nTout animal errant doit \u00eatre signal\u00e9 en Mairie ou \u00e0 la Gendarmerie.<\/p>\n","protected":false},"excerpt":{"rendered":"<p>Fourri\u00e8re Tout animal errant doit \u00eatre signal\u00e9 en Mairie ou \u00e0 la Gendarmerie.<\/p>\n","protected":false},"author":2,"featured_media":0,"parent":0,"menu_order":0,"comment_status":"closed","ping_status":"closed","template":"","meta":{"footnotes":""},"class_list":["post-312","page","type-page","status-publish","hentry"],"_links":{"self":[{"href":"https:\/\/leperchay.fr\/index.php\/wp-json\/wp\/v2\/pages\/312","targetHints":{"allow":["GET"]}}],"collection":[{"href":"https:\/\/leperchay.fr\/index.php\/wp-json\/wp\/v2\/pages"}],"about":[{"href":"https:\/\/leperchay.fr\/index.php\/wp-json\/wp\/v2\/types\/page"}],"author":[{"embeddable":true,"href":"https:\/\/leperchay.fr\/index.php\/wp-json\/wp\/v2\/users\/2"}],"replies":[{"embeddable":true,"href":"https:\/\/leperchay.fr\/index.php\/wp-json\/wp\/v2\/comments?post=312"}],"version-history":[{"count":0,"href":"https:\/\/leperchay.fr\/index.php\/wp-json\/wp\/v2\/pages\/312\/revisions"}],"wp:attachment":[{"href":"https:\/\/leperchay.fr\/index.php\/wp-json\/wp\/v2\/media?parent=312"}],"curies":[{"name":"wp","href":"https:\/\/api.w.org\/{rel}","templated":true}]}}