{"id":307,"date":"2015-12-09T01:38:23","date_gmt":"2015-12-09T00:38:23","guid":{"rendered":"http:\/\/www.leperchay.fr\/?page_id=307"},"modified":"2025-09-25T11:14:05","modified_gmt":"2025-09-25T09:14:05","slug":"transports","status":"publish","type":"page","link":"https:\/\/leperchay.fr\/index.php\/transports\/","title":{"rendered":"Transports"},"content":{"rendered":"<p><em><strong>Lignes de bus desservant Le Perchay :<\/strong><\/em><br \/>\nArr\u00eat : Le Perchay- Centre Equestre.<\/p>\n<p>&#8211; 95- 41 ( Magny en Vexin- Pontoise)<br \/>\nHoraires consultables sur : <a href=\"http:\/\/www.timbus.fr\/297-Horaires.html\" target=\"_blank\" rel=\"noopener noreferrer\">http:\/\/www.timbus.fr\/297-Horaires.html<\/a><\/p>\n<p>&#8211; 95- 24 ( Boissy l&#8217;Aillerie- Vigny coll\u00e8ge). Ne fonctionne que pendant les p\u00e9riodes scolaires.<br \/>\nHoraires consultables sur : <a href=\"http:\/\/www.transdev-idf.com\/horaire-ligne-95_24-vexin_011\" target=\"_blank\" rel=\"noopener noreferrer\">http:\/\/www.transdev-idf.com\/horaire-ligne-95_24-vexin_011<\/a><\/p>\n<p><em><strong>Ligne de Bus \u00e0 proximit\u00e9 de Le Perchay :<\/strong><\/em><br \/>\nArr\u00eat : Bord&#8217; haut de Vigny (3 Kms)<\/p>\n<p>&#8211; 95-04 ( Bray et L\u00fb- Pontoise)<br \/>\nHoraires consultables sur : <a href=\"http:\/\/www.timbus.fr\/297-Horaires.html\" target=\"_blank\" rel=\"noopener noreferrer\">http:\/\/www.timbus.fr\/297-Horaires.html<\/a><\/p>\n<p><em><strong>Pour rejoindre Paris :<\/strong><\/em><\/p>\n<p>&#8211; RER A ou ligne L depuis la gare de Cergy le Haut.<br \/>\n&#8211; RER C ou ligne H depuis la gare de Pontoise.<br \/>\n&#8211; Ligne J depuis la gare SNCF de Us ( 3 kms) ou de Santeuil- Le Perchay (2 kms).<br \/>\nHoraires consultables sur : <a href=\"http:\/\/www.transilien.com\/\" target=\"_blank\" rel=\"noopener noreferrer\">http:\/\/www.transilien.com\/<\/a><\/p>\n<p><em><strong>Pour le coll\u00e8ge :<\/strong><\/em><br \/>\nL\u2019arr\u00eat de bus est celui situ\u00e9 \u00e0 l\u2019angle de la route de Marines (d\u00e9partementale traversant le Perchay) et de la rue de Gouzangrez.<br \/>\nLa ligne de bus est la 95- 24, une ligne de bus r\u00e9guli\u00e8re mais qui ne fonctionne qu&#8217;en p\u00e9riode scolaire.<\/p>\n","protected":false},"excerpt":{"rendered":"<p>Lignes de bus desservant Le Perchay : Arr\u00eat : Le Perchay- Centre Equestre. &#8211; 95- 41 ( Magny en Vexin- Pontoise) Horaires consultables sur : http:\/\/www.timbus.fr\/297-Horaires.html &#8211; 95- 24 ( Boissy l&#8217;Aillerie- Vigny coll\u00e8ge).&#46;&#46;&#46;<\/p>\n","protected":false},"author":2,"featured_media":0,"parent":0,"menu_order":0,"comment_status":"closed","ping_status":"closed","template":"","meta":{"footnotes":""},"class_list":["post-307","page","type-page","status-publish","hentry"],"_links":{"self":[{"href":"https:\/\/leperchay.fr\/index.php\/wp-json\/wp\/v2\/pages\/307","targetHints":{"allow":["GET"]}}],"collection":[{"href":"https:\/\/leperchay.fr\/index.php\/wp-json\/wp\/v2\/pages"}],"about":[{"href":"https:\/\/leperchay.fr\/index.php\/wp-json\/wp\/v2\/types\/page"}],"author":[{"embeddable":true,"href":"https:\/\/leperchay.fr\/index.php\/wp-json\/wp\/v2\/users\/2"}],"replies":[{"embeddable":true,"href":"https:\/\/leperchay.fr\/index.php\/wp-json\/wp\/v2\/comments?post=307"}],"version-history":[{"count":1,"href":"https:\/\/leperchay.fr\/index.php\/wp-json\/wp\/v2\/pages\/307\/revisions"}],"predecessor-version":[{"id":2191,"href":"https:\/\/leperchay.fr\/index.php\/wp-json\/wp\/v2\/pages\/307\/revisions\/2191"}],"wp:attachment":[{"href":"https:\/\/leperchay.fr\/index.php\/wp-json\/wp\/v2\/media?parent=307"}],"curies":[{"name":"wp","href":"https:\/\/api.w.org\/{rel}","templated":true}]}}