{"id":228,"date":"2015-11-17T17:33:04","date_gmt":"2015-11-17T16:33:04","guid":{"rendered":"http:\/\/www.leperchay.fr\/?page_id=228"},"modified":"2024-09-20T23:52:19","modified_gmt":"2024-09-20T21:52:19","slug":"lhistoire-du-village-2","status":"publish","type":"page","link":"https:\/\/leperchay.fr\/index.php\/lhistoire-du-village-2\/","title":{"rendered":"L&#8217;histoire du Village"},"content":{"rendered":"<p><img loading=\"lazy\" decoding=\"async\" class=\"size-medium wp-image-2025 alignright\" src=\"https:\/\/leperchay.fr\/wp-content\/uploads\/2024\/09\/PHOTO-2020-07-07-22-48-26-768x576-1-300x225.jpg\" alt=\"\" width=\"300\" height=\"225\" srcset=\"https:\/\/leperchay.fr\/wp-content\/uploads\/2024\/09\/PHOTO-2020-07-07-22-48-26-768x576-1-300x225.jpg 300w, https:\/\/leperchay.fr\/wp-content\/uploads\/2024\/09\/PHOTO-2020-07-07-22-48-26-768x576-1.jpg 768w\" sizes=\"auto, (max-width: 300px) 100vw, 300px\" \/><\/p>\n<p>\u00ab L&#8217;an 1768 j&#8217;ai \u00e9t\u00e9 b\u00e9nie par Me Nicolas Pierre Noblet Cur\u00e9 du Perch\u00e9 et nom\u00e9e Charlotte par TF &amp; TP Seigr Mre Emmanuel Henri de Crussol &amp; Baron de Crussol Colonel dans les grenadiers de France &amp; TH &amp; TP Dame Made Marguerite Charlotte Furiau de Morville VE DE TH &amp; TP Seigr M. Pierre Ammanuel de Crussol Marquis de Crussol Chef des ordres du Roy Mar\u00e9chal des Camps &amp; Arm\u00e9es de sa Majest\u00e9 Dame Patrone du Perch\u00e9 &amp; Autres lieux.<br \/>Romain Mandart Marguillier en charge &amp; Estienne Laisne Marguillier &amp; Jean Thomas Peletier Clerc Fran\u00e7ois Morel &amp; P Charles Morel Fondateurs \u00bb<\/p>\n<p>Tels sont les mots grav\u00e9s depuis 257 ans dans le bronze de la cloche de notre village.<\/p>\n<p>Patin\u00e9e dans une belle robe vert de gris, elle impose fi\u00e8rement ses 675 kg et 1048 mm de diam\u00e8tre.<\/p>\n<p>Elle fut donc fondue en 1768 par la famille MOREL, artisans r\u00e9put\u00e9s sur TRIE CHATEAU, puis \u00e0 partir de 1770 sur GISORS.<br \/>Sur 2 g\u00e9n\u00e9rations, ils fabriqu\u00e8rent un grand nombre de cloches pour la Picardie et la Normandie mais \u00e9galement pour des communes plus proches de chez nous comme Fr\u00e9mainville (1734), Nucourt (1738), Ableiges (1763), Fr\u00e9m\u00e9court (1777), Haravilliers (1780), Epiais Rhus (1780), Chaumont en vexin (1786), \u2026..<\/p>\n<p>Son parrain fut le seigneur r\u00e9gnant \u00e0 l\u2019\u00e9poque sur Le Perchay (mais \u00e9galement sur le hameau de Valli\u00e8res, son moulin et son \u00e9tang, sur Guiry en vexin et sur Gouzangrez) \u00e0 savoir Emmanuel Henri Charles de Crussol (1741-1818), d\u00e9put\u00e9 de l\u2019assembl\u00e9e constituante.<br \/>Marguerite Charlotte Fleuriau de Morville (1725-1810) fut quant \u00e0 elle sa m\u00e8re et donna son pr\u00e9nom \u00e0 notre cloche.<\/p>\n<p>Pour information, un marguillier, membre du conseil de fabrique, est un la\u00efc en charge de la construction, de l\u2019entretien de l\u2019\u00e9glise et de l\u2019administration des biens de la paroisse.<br \/>Les s\u00e9ances du conseil se tenaient r\u00e9guli\u00e8rement jusqu\u2019en 1905 sur le banc d\u2019\u0153uvre du 18e si\u00e8cle, toujours visible en entrant \u00e0 gauche dans l\u2019\u00e9glise.<\/p>\n<p>De jolies inscriptions, des croix grav\u00e9es, des dates et des noms taill\u00e9s dans les pierres int\u00e9rieures du clocher nous ram\u00e8nent\u00a0 parfois 3 si\u00e8cles en arri\u00e8re.<\/p>\n<p>R\u00e9nov\u00e9e depuis le 3 D\u00e9cembre 2014 par les \u00e9tablissements Huchez, souhaitons \u00e0 notre Charlotte (et \u00e0 la chouette qui l\u2019accompagne dans le clocher\u00a0!) de tinter de nombreuses ann\u00e9es et de rythmer nos jours encore plusieurs g\u00e9n\u00e9rations\u00a0!<\/p>\n\n\n<p><a href=\"https:\/\/leperchay.fr\/wp-content\/uploads\/2024\/09\/historique_le_perchay.pdf\" data-type=\"attachment\" data-id=\"2027\">Monuments historiques<\/a>.<\/p>\n","protected":false},"excerpt":{"rendered":"<p>\u00ab L&#8217;an 1768 j&#8217;ai \u00e9t\u00e9 b\u00e9nie par Me Nicolas Pierre Noblet Cur\u00e9 du Perch\u00e9 et nom\u00e9e Charlotte par TF &amp; TP Seigr Mre Emmanuel Henri de Crussol &amp; Baron de Crussol Colonel dans les&#46;&#46;&#46;<\/p>\n","protected":false},"author":2,"featured_media":0,"parent":0,"menu_order":0,"comment_status":"closed","ping_status":"closed","template":"","meta":{"footnotes":""},"class_list":["post-228","page","type-page","status-publish","hentry"],"_links":{"self":[{"href":"https:\/\/leperchay.fr\/index.php\/wp-json\/wp\/v2\/pages\/228","targetHints":{"allow":["GET"]}}],"collection":[{"href":"https:\/\/leperchay.fr\/index.php\/wp-json\/wp\/v2\/pages"}],"about":[{"href":"https:\/\/leperchay.fr\/index.php\/wp-json\/wp\/v2\/types\/page"}],"author":[{"embeddable":true,"href":"https:\/\/leperchay.fr\/index.php\/wp-json\/wp\/v2\/users\/2"}],"replies":[{"embeddable":true,"href":"https:\/\/leperchay.fr\/index.php\/wp-json\/wp\/v2\/comments?post=228"}],"version-history":[{"count":1,"href":"https:\/\/leperchay.fr\/index.php\/wp-json\/wp\/v2\/pages\/228\/revisions"}],"predecessor-version":[{"id":2028,"href":"https:\/\/leperchay.fr\/index.php\/wp-json\/wp\/v2\/pages\/228\/revisions\/2028"}],"wp:attachment":[{"href":"https:\/\/leperchay.fr\/index.php\/wp-json\/wp\/v2\/media?parent=228"}],"curies":[{"name":"wp","href":"https:\/\/api.w.org\/{rel}","templated":true}]}}