{"id":1648,"date":"2022-02-01T14:29:14","date_gmt":"2022-02-01T13:29:14","guid":{"rendered":"https:\/\/www.leperchay.fr\/?page_id=1648"},"modified":"2022-02-01T14:29:14","modified_gmt":"2022-02-01T13:29:14","slug":"bulletins-municipaux","status":"publish","type":"page","link":"https:\/\/leperchay.fr\/index.php\/bulletins-municipaux\/","title":{"rendered":"Bulletins d&#8217;information municipaux"},"content":{"rendered":"\n<p>Retrouvez ici tous les num\u00e9ros de l&#8217;Actu du Perchay, d\u00e8s leur parution.<\/p>\n\n\n\n<p><a href=\"https:\/\/www.leperchay.fr\/wp-content\/uploads\/2023\/11\/ActuduPerchay_avril_2023\" target=\"_blank\" rel=\"noreferrer noopener\">L&#8217;Actu du Perchay &#8211; Avril 2023<\/a><\/p>\n\n\n\n<p><a href=\"https:\/\/www.leperchay.fr\/wp-content\/uploads\/2022\/07\/ActuduPerchay_juillet_2022\" target=\"_blank\" rel=\"noreferrer noopener\">L&#8217;Actu du Perchay &#8211; Juillet 2022<\/a><\/p>\n\n\n\n<p><a rel=\"noreferrer noopener\" href=\"https:\/\/www.leperchay.fr\/wp-content\/uploads\/2022\/02\/ActuduPerchay_decembre_2021\" target=\"_blank\">L&#8217;Actu du Perchay &#8211; D\u00e9cembre 2021<\/a><\/p>\n\n\n\n<p><a href=\"https:\/\/www.leperchay.fr\/wp-content\/uploads\/2022\/02\/Feuillet_methaniseur\" target=\"_blank\" rel=\"noreferrer noopener\">Feuillet sp\u00e9cial M\u00e9thaniseur<\/a><\/p>\n\n\n\n<p><a href=\"https:\/\/www.leperchay.fr\/wp-content\/uploads\/2022\/02\/ActuduPerchay_juillet_2021\" target=\"_blank\" rel=\"noreferrer noopener\">L&#8217;Actu du Perchay &#8211; Juillet 2021<\/a><\/p>\n\n\n\n<p><a href=\"https:\/\/www.leperchay.fr\/wp-content\/uploads\/2022\/02\/Bulletin_information_avril_2021\" target=\"_blank\" rel=\"noreferrer noopener\">Bulletin d&#8217;information &#8211; Avril 2021<\/a><\/p>\n","protected":false},"excerpt":{"rendered":"<p>Retrouvez ici tous les num\u00e9ros de l&#8217;Actu du Perchay, d\u00e8s leur parution. L&#8217;Actu du Perchay &#8211; Avril 2023 L&#8217;Actu du Perchay &#8211; Juillet 2022 L&#8217;Actu du Perchay &#8211; D\u00e9cembre 2021 Feuillet sp\u00e9cial M\u00e9thaniseur L&#8217;Actu&#46;&#46;&#46;<\/p>\n","protected":false},"author":1,"featured_media":0,"parent":0,"menu_order":0,"comment_status":"closed","ping_status":"closed","template":"","meta":{"footnotes":""},"class_list":["post-1648","page","type-page","status-publish","hentry"],"_links":{"self":[{"href":"https:\/\/leperchay.fr\/index.php\/wp-json\/wp\/v2\/pages\/1648","targetHints":{"allow":["GET"]}}],"collection":[{"href":"https:\/\/leperchay.fr\/index.php\/wp-json\/wp\/v2\/pages"}],"about":[{"href":"https:\/\/leperchay.fr\/index.php\/wp-json\/wp\/v2\/types\/page"}],"author":[{"embeddable":true,"href":"https:\/\/leperchay.fr\/index.php\/wp-json\/wp\/v2\/users\/1"}],"replies":[{"embeddable":true,"href":"https:\/\/leperchay.fr\/index.php\/wp-json\/wp\/v2\/comments?post=1648"}],"version-history":[{"count":0,"href":"https:\/\/leperchay.fr\/index.php\/wp-json\/wp\/v2\/pages\/1648\/revisions"}],"wp:attachment":[{"href":"https:\/\/leperchay.fr\/index.php\/wp-json\/wp\/v2\/media?parent=1648"}],"curies":[{"name":"wp","href":"https:\/\/api.w.org\/{rel}","templated":true}]}}