{"id":1181,"date":"2020-10-31T18:41:14","date_gmt":"2020-10-31T17:41:14","guid":{"rendered":"https:\/\/www2.leperchay.fr\/?page_id=1181"},"modified":"2025-09-11T18:37:36","modified_gmt":"2025-09-11T16:37:36","slug":"plan-local-durbanisme","status":"publish","type":"page","link":"https:\/\/leperchay.fr\/index.php\/plan-local-durbanisme\/","title":{"rendered":"Plan local d&#8217;urbanisme &#8211; en cours de r\u00e9vision"},"content":{"rendered":"\n<p><strong>Le Plan local d\u2019urbanisme (PLU), qu&#8217;est ce que c&#8217;est ?<\/strong><\/p>\n\n\n\n<p>Le plan local d\u2019urbanisme (PLU) est une r\u00e9flexion globale sur l\u2019am\u00e9nagement et le d\u00e9veloppement durable, \u00e0 l\u2019\u00e9chelle de la ville ou de l\u2019agglom\u00e9ration.<br>Il concerne aussi bien les grands am\u00e9nageurs, comme les ma\u00eetrises d\u2019ouvrage publiques ou les promoteurs, que les particuliers ayant un projet de construction.<br>Il est le document primordial au d\u00e9marrage de plusieurs types de projets.<\/p>\n\n\n\n<p><strong>Vous trouverez ci dessous les diff\u00e9rentes pi\u00e8ces du projet PLU en cours de r\u00e9vision<\/strong>.<br><strong>Une enqu\u00eate publique aura lieu du 12 novembre au 12 d\u00e9cembre 2025<\/strong>.<\/p>\n\n\n\n<p><a href=\"https:\/\/leperchay.fr\/wp-content\/uploads\/2025\/09\/P1-Pieces-administratives.pdf\" data-type=\"attachment\" data-id=\"2039\" target=\"_blank\" rel=\"noreferrer noopener\">P1 &#8211; Pi\u00e8ces Administratives<\/a><\/p>\n\n\n\n<p><a href=\"https:\/\/leperchay.fr\/wp-content\/uploads\/2025\/09\/P2-1-Diagnostic-arret.pdf\" target=\"_blank\" rel=\"noreferrer noopener\">P2-1 &#8211; Diagnostic Arr\u00eat<\/a><\/p>\n\n\n\n<p><a href=\"https:\/\/leperchay.fr\/wp-content\/uploads\/2025\/09\/P2-2-justif-et-eval.pdf\" target=\"_blank\" rel=\"noreferrer noopener\">P2-2 &#8211; justif et \u00e9val<\/a><\/p>\n\n\n\n<p><a href=\"https:\/\/leperchay.fr\/wp-content\/uploads\/2025\/09\/P3-PADD.pdf\" target=\"_blank\" rel=\"noreferrer noopener\">P3 &#8211; PADD<\/a><\/p>\n\n\n\n<p><a href=\"https:\/\/leperchay.fr\/wp-content\/uploads\/2025\/09\/P4-OAP-Le-Perchay.pdf\" target=\"_blank\" rel=\"noreferrer noopener\">P4 &#8211; OAP Le Perchay<\/a><\/p>\n\n\n\n<p><a href=\"https:\/\/leperchay.fr\/wp-content\/uploads\/2025\/09\/P5-Reglement.pdf\" target=\"_blank\" rel=\"noreferrer noopener\">P5 &#8211; R\u00e8glement<\/a><\/p>\n\n\n\n<p><a href=\"https:\/\/leperchay.fr\/wp-content\/uploads\/2025\/09\/P6a-Plan-de-zonage-Ensemble-4000e.pdf\" data-type=\"link\" data-id=\"https:\/\/leperchay.fr\/wp-content\/uploads\/2025\/09\/P6a-Plan-de-zonage-ensemble-4000e.pdf\" target=\"_blank\" rel=\"noreferrer noopener\">P6a &#8211; Plan de zonage ensemble &#8211; 4000e<\/a><\/p>\n\n\n\n<p><a href=\"https:\/\/leperchay.fr\/wp-content\/uploads\/2025\/09\/P6b-Plan-de-zonage-Bourg-1000e.pdf\" target=\"_blank\" rel=\"noreferrer noopener\">P6b &#8211; Plan de zonage &#8211; Bourg &#8211; 1000e<\/a><\/p>\n\n\n\n<p><a href=\"https:\/\/leperchay.fr\/wp-content\/uploads\/2025\/09\/P6c-Fiches-patrimoniales.pdf\" target=\"_blank\" rel=\"noreferrer noopener\">P6c &#8211; Fiches patrimoniales<\/a><\/p>\n\n\n\n<p><a href=\"https:\/\/leperchay.fr\/wp-content\/uploads\/2025\/09\/P7-Annexes-sanitaires-notice-et-plans-A4-et-A3.pdf\" target=\"_blank\" rel=\"noreferrer noopener\">P7-Annexes sanitaires notice et plans (A4 et A3)<\/a><\/p>\n\n\n\n<p><a href=\"https:\/\/leperchay.fr\/wp-content\/uploads\/2025\/09\/P8-1-Liste-et-fiches-des-SUP.pdf\" target=\"_blank\" rel=\"noreferrer noopener\">P8-1 &#8211; Liste et fiches des SUP<\/a><\/p>\n\n\n\n<p><a href=\"https:\/\/leperchay.fr\/wp-content\/uploads\/2025\/09\/P8-2-Plan-SUP-Le_Perchay.pdf\" target=\"_blank\" rel=\"noreferrer noopener\">P8-2 &#8211; Plan SUP Le Perchay<\/a><\/p>\n\n\n\n<p><a href=\"https:\/\/leperchay.fr\/wp-content\/uploads\/2025\/09\/P9-1-infos-div-A4.pdf\" target=\"_blank\" rel=\"noreferrer noopener\">P9-1 &#8211; infos div A4<\/a><\/p>\n\n\n\n<p><a href=\"https:\/\/leperchay.fr\/wp-content\/uploads\/2025\/09\/P9-2-Plan-des-contraintes-sols-et-sous-sols-A0.pdf\" target=\"_blank\" rel=\"noreferrer noopener\">P9-2 &#8211; Plan des contraintes sols et sous-sols A0<\/a><\/p>\n\n\n\n<p><a href=\"https:\/\/leperchay.fr\/wp-content\/uploads\/2025\/09\/P10-Classement-sonore-des-infrastructures-de-transport-terrestre-A4-et-A3.pdf\" target=\"_blank\" rel=\"noreferrer noopener\">P10 &#8211; Classement sonore des infrastructures de transport terrestre (A4 et A3)<\/a><\/p>\n\n\n\n<p><a href=\"https:\/\/leperchay.fr\/wp-content\/uploads\/2025\/09\/P11-DPU-A4-et-A3.pdf\" target=\"_blank\" rel=\"noreferrer noopener\">P11 &#8211; DPU (A4 et A3)<\/a><\/p>\n\n\n\n<p><\/p>\n\n\n\n<p><strong>PLU 2014<\/strong><\/p>\n\n\n\n<p>La commune du Perchay a \u00e9labor\u00e9 son Plan Local d&#8217;Urbanisme en 2014 \u00e0 l&#8217;aide du cabinet conseil Topos Urbanisme.<\/p>\n\n\n\n<p>L&#8217;int\u00e9gralit\u00e9 du rapport est disponible <a href=\"https:\/\/leperchay.fr\/wp-content\/uploads\/2024\/09\/95483_RAPPORT_20140320.pdf\" data-type=\"link\" data-id=\"95483_RAPPORT_20140320.pdf\">ici<\/a>.<\/p>\n\n\n\n<p><\/p>\n","protected":false},"excerpt":{"rendered":"<p>Le Plan local d\u2019urbanisme (PLU), qu&#8217;est ce que c&#8217;est ? Le plan local d\u2019urbanisme (PLU) est une r\u00e9flexion globale sur l\u2019am\u00e9nagement et le d\u00e9veloppement durable, \u00e0 l\u2019\u00e9chelle de la ville ou de l\u2019agglom\u00e9ration.Il concerne&#46;&#46;&#46;<\/p>\n","protected":false},"author":4,"featured_media":0,"parent":0,"menu_order":0,"comment_status":"closed","ping_status":"closed","template":"","meta":{"footnotes":""},"class_list":["post-1181","page","type-page","status-publish","hentry"],"_links":{"self":[{"href":"https:\/\/leperchay.fr\/index.php\/wp-json\/wp\/v2\/pages\/1181","targetHints":{"allow":["GET"]}}],"collection":[{"href":"https:\/\/leperchay.fr\/index.php\/wp-json\/wp\/v2\/pages"}],"about":[{"href":"https:\/\/leperchay.fr\/index.php\/wp-json\/wp\/v2\/types\/page"}],"author":[{"embeddable":true,"href":"https:\/\/leperchay.fr\/index.php\/wp-json\/wp\/v2\/users\/4"}],"replies":[{"embeddable":true,"href":"https:\/\/leperchay.fr\/index.php\/wp-json\/wp\/v2\/comments?post=1181"}],"version-history":[{"count":26,"href":"https:\/\/leperchay.fr\/index.php\/wp-json\/wp\/v2\/pages\/1181\/revisions"}],"predecessor-version":[{"id":2094,"href":"https:\/\/leperchay.fr\/index.php\/wp-json\/wp\/v2\/pages\/1181\/revisions\/2094"}],"wp:attachment":[{"href":"https:\/\/leperchay.fr\/index.php\/wp-json\/wp\/v2\/media?parent=1181"}],"curies":[{"name":"wp","href":"https:\/\/api.w.org\/{rel}","templated":true}]}}