{"id":1173,"date":"2020-10-31T18:19:43","date_gmt":"2020-10-31T17:19:43","guid":{"rendered":"https:\/\/www2.leperchay.fr\/?page_id=1173"},"modified":"2020-10-31T18:19:43","modified_gmt":"2020-10-31T17:19:43","slug":"informations-tourisme","status":"publish","type":"page","link":"https:\/\/leperchay.fr\/index.php\/informations-tourisme\/","title":{"rendered":"Informations Tourisme"},"content":{"rendered":"\n<p><strong><em>Le Perchay<\/em><\/strong><\/p>\n\n\n\n<h2 class=\"wp-block-heading\">Le Manoir des Chevaliers&nbsp;<\/h2>\n\n\n\n<p>&nbsp;1 Grande Rue&nbsp;&#8211;&nbsp;95 450&nbsp;LE PERCHAY , FR<br>Tel. :&nbsp;<a href=\"tel:+33139101507\">+33 1 39 10 15 07&nbsp;<\/a>ou Tel commercial :&nbsp;<a href=\"tel:+33139101509\">+33 1 39 10 15 09&nbsp;<\/a><\/p>\n\n\n\n<p><a href=\"https:\/\/www.manoir-des-chevaliers.com\/fr\/\" target=\"_blank\" rel=\"noreferrer noopener\">Plus d&#8217;informations sur le manoir des chevaliers<\/a><\/p>\n\n\n\n<p><a href=\"mailto:contact@lemanoirdeschevaliers.com\">contact@lemanoirdeschevaliers.com<\/a><\/p>\n\n\n\n<h2 class=\"wp-block-heading\">Soci\u00e9t\u00e9 hippique de la Tani\u00e8re<\/h2>\n\n\n\n<p>Capacit\u00e9 29 couchages.<br>29 Grande Rue<br>95450 Le Perchay<br>0134660425 \/ 0614967575<br>contact@taniere-equitation.com<br><a rel=\"noreferrer noopener\" href=\"https:\/\/fr-fr.facebook.com\/groups\/46869998026\/\" target=\"_blank\">Facebook<\/a><\/p>\n\n\n\n<p><strong><em>A proximit\u00e9<\/em><\/strong><\/p>\n\n\n\n<h2 class=\"wp-block-heading\">Les g\u00eetes du Cornouiller<\/h2>\n\n\n\n<ul class=\"wp-block-list\"><li>Le grand g\u00eete : 6 personnes<\/li><li>Le petit g\u00eete : 4\/5 personnes<\/li><\/ul>\n\n\n\n<p>M. et Mme POTIN<\/p>\n\n\n\n<p>Service de r\u00e9servation des g\u00eetes de France du Val d\u2019Oise<\/p>\n\n\n\n<p>78 route de Paris<br>95270 VIARMES<br>01 34 66 01 21<br>06 33 78 89 47<\/p>\n\n\n\n<p><a href=\"https:\/\/www.gite-du-cornouiller.com\/\" target=\"_blank\" rel=\"noreferrer noopener\">Plus d&#8217;informations sur les G\u00eetes du Cornouiller<\/a><\/p>\n\n\n\n<h2 class=\"wp-block-heading\">Le Manoir de BOUARD<\/h2>\n\n\n\n<ul class=\"wp-block-list\"><li>Location d\u2019un g\u00eete 2 personnes<\/li><li>Semaine ou week-end<\/li><\/ul>\n\n\n\n<p>Mme MARTIN-FYNE &#8211; T\u00e9l : 06 20 14 36 32<\/p>\n\n\n\n<p><a href=\"https:\/\/www.valdoise-tourisme.com\/fiches\/gite-rural-us-manoir-de-bouard-n105\/\" target=\"_blank\" rel=\"noreferrer noopener\">Plus d&#8217;informations sur les G\u00eetes du manoir<\/a><\/p>\n\n\n\n<h2 class=\"wp-block-heading\">Le Clos du Saule<\/h2>\n\n\n\n<div class=\"wp-block-image\"><figure class=\"alignleft\"><img decoding=\"async\" src=\"https:\/\/gouzangrez.fr\/wp-content\/uploads\/2017\/11\/images_2.jpg\" alt=\"\" class=\"wp-image-751\"\/><figcaption>Pour plus d\u2019informations,&nbsp;<a rel=\"noreferrer noopener\" href=\"http:\/\/www.leclosdusaule.com\/\" target=\"_blank\">cliquez ici.<\/a><\/figcaption><\/figure><\/div>\n\n\n\n<p>Depuis 2010, le Clos du Saule vous ouvre les portes de ses cinq chambres d\u2019h\u00f4tes, disposant toutes d\u2019une d\u00e9coration \u00e9l\u00e9gante et raffin\u00e9e.<\/p>\n\n\n\n<div class=\"wp-block-group\"><div class=\"wp-block-group__inner-container is-layout-flow wp-block-group-is-layout-flow\">\n<p>Sandrine &amp; Gr\u00e9goire Bouilliant<br>2 Grande Rue 95 450 GOUZANGREZ<br>T\u00e9l : 01 30 27 94 99 <br>Email : leclosdusaule@gmail.com<\/p>\n<\/div><\/div>\n\n\n\n<p><\/p>\n","protected":false},"excerpt":{"rendered":"<p>Le Perchay Le Manoir des Chevaliers&nbsp; &nbsp;1 Grande Rue&nbsp;&#8211;&nbsp;95 450&nbsp;LE PERCHAY , FRTel. :&nbsp;+33 1 39 10 15 07&nbsp;ou Tel commercial :&nbsp;+33 1 39 10 15 09&nbsp; Plus d&#8217;informations sur le manoir des chevaliers&#46;&#46;&#46;<\/p>\n","protected":false},"author":2,"featured_media":0,"parent":0,"menu_order":0,"comment_status":"closed","ping_status":"closed","template":"","meta":{"footnotes":""},"class_list":["post-1173","page","type-page","status-publish","hentry"],"_links":{"self":[{"href":"https:\/\/leperchay.fr\/index.php\/wp-json\/wp\/v2\/pages\/1173","targetHints":{"allow":["GET"]}}],"collection":[{"href":"https:\/\/leperchay.fr\/index.php\/wp-json\/wp\/v2\/pages"}],"about":[{"href":"https:\/\/leperchay.fr\/index.php\/wp-json\/wp\/v2\/types\/page"}],"author":[{"embeddable":true,"href":"https:\/\/leperchay.fr\/index.php\/wp-json\/wp\/v2\/users\/2"}],"replies":[{"embeddable":true,"href":"https:\/\/leperchay.fr\/index.php\/wp-json\/wp\/v2\/comments?post=1173"}],"version-history":[{"count":0,"href":"https:\/\/leperchay.fr\/index.php\/wp-json\/wp\/v2\/pages\/1173\/revisions"}],"wp:attachment":[{"href":"https:\/\/leperchay.fr\/index.php\/wp-json\/wp\/v2\/media?parent=1173"}],"curies":[{"name":"wp","href":"https:\/\/api.w.org\/{rel}","templated":true}]}}