{"id":1166,"date":"2020-10-31T18:15:59","date_gmt":"2020-10-31T17:15:59","guid":{"rendered":"https:\/\/www2.leperchay.fr\/?page_id=1166"},"modified":"2020-10-31T18:15:59","modified_gmt":"2020-10-31T17:15:59","slug":"communaute-de-communes-vexin-centre","status":"publish","type":"page","link":"https:\/\/leperchay.fr\/index.php\/communaute-de-communes-vexin-centre\/","title":{"rendered":"Communaut\u00e9 de Communes Vexin Centre"},"content":{"rendered":"\n<figure class=\"wp-block-image size-large\"><img decoding=\"async\" src=\"https:\/\/www.leperchay.fr\/wp-content\/uploads\/2020\/10\/ccvc.jpg\" alt=\"\" class=\"wp-image-1167\"\/><\/figure>\n\n\n\n<p>Le Perchay fait partie de <a rel=\"noreferrer noopener\" href=\"http:\/\/ccvexincentre.fr\" target=\"_blank\">Communaut\u00e9 de Communes Vexin Centre<\/a>.<\/p>\n\n\n\n<p>Cr\u00e9\u00e9e le 1er janvier 2013, la Communaut\u00e9 de communes Vexin Centre est issue de la fusion&nbsp; <em>des Communaut\u00e9s de Communes Val de Viosne, 3 Vall\u00e9es du Vexin et Plateau du Vexin.<\/em><\/p>\n\n\n\n<p>Cette union permet une mise en commun de services et d\u2019\u00e9quipements \u00e0 l\u2019usage des 23 500 habitants de ces 34 communes sur une superficie de 234 km\u00b2 soit pr\u00e8s de 19 % du territoire du Val d\u2019Oise.<\/p>\n\n\n\n<p>Sa pr\u00e9sidente est Nadine NINOT, Maire de Marines.<\/p>\n\n\n\n<p>La commune du Perchay est repr\u00e9sent\u00e9e au Conseil communautaire par <strong>Gr\u00e9gory LEOST<\/strong>\u00a0et\u00a0<strong>St\u00e9phan BRACQ<\/strong><\/p>\n\n\n\n<p><strong>Pour plus d\u2019information sur la CCVC<\/strong> :<br>Communaut\u00e9 de Communes Vexin Centre<br>1 rue de Rouen<br>BP 30016<br>95450 VIGNY<br>T\u00e9l.: 01 30 39 23 34 \u2013 01 30 39 93 35<br>Fax : 01 34 66 12 54<\/p>\n","protected":false},"excerpt":{"rendered":"<p>Le Perchay fait partie de Communaut\u00e9 de Communes Vexin Centre. Cr\u00e9\u00e9e le 1er janvier 2013, la Communaut\u00e9 de communes Vexin Centre est issue de la fusion&nbsp; des Communaut\u00e9s de Communes Val de Viosne, 3&#46;&#46;&#46;<\/p>\n","protected":false},"author":4,"featured_media":0,"parent":0,"menu_order":0,"comment_status":"closed","ping_status":"closed","template":"","meta":{"footnotes":""},"class_list":["post-1166","page","type-page","status-publish","hentry"],"_links":{"self":[{"href":"https:\/\/leperchay.fr\/index.php\/wp-json\/wp\/v2\/pages\/1166","targetHints":{"allow":["GET"]}}],"collection":[{"href":"https:\/\/leperchay.fr\/index.php\/wp-json\/wp\/v2\/pages"}],"about":[{"href":"https:\/\/leperchay.fr\/index.php\/wp-json\/wp\/v2\/types\/page"}],"author":[{"embeddable":true,"href":"https:\/\/leperchay.fr\/index.php\/wp-json\/wp\/v2\/users\/4"}],"replies":[{"embeddable":true,"href":"https:\/\/leperchay.fr\/index.php\/wp-json\/wp\/v2\/comments?post=1166"}],"version-history":[{"count":0,"href":"https:\/\/leperchay.fr\/index.php\/wp-json\/wp\/v2\/pages\/1166\/revisions"}],"wp:attachment":[{"href":"https:\/\/leperchay.fr\/index.php\/wp-json\/wp\/v2\/media?parent=1166"}],"curies":[{"name":"wp","href":"https:\/\/api.w.org\/{rel}","templated":true}]}}