{"id":1067,"date":"2020-11-01T21:23:35","date_gmt":"2020-11-01T20:23:35","guid":{"rendered":"https:\/\/www2.leperchay.fr\/?page_id=1067"},"modified":"2020-11-01T21:23:35","modified_gmt":"2020-11-01T20:23:35","slug":"le-foyer-rural","status":"publish","type":"page","link":"https:\/\/leperchay.fr\/index.php\/le-foyer-rural\/","title":{"rendered":"Le Foyer Rural"},"content":{"rendered":"\n<p><\/p>\n\n\n\n<p>Le Foyer rural est une association \u00e0 but non lucratif dont la principale activit\u00e9 est l&#8217;animation de notre village.<\/p>\n\n\n\n<p>Ces animations peuvent \u00eatre culturelles, sportives ou de loisirs. Le but \u00e9tant de faire participer un maximum d&#8217;habitants \u00e0 la vie sociale, de cr\u00e9er des rencontres pouvant d\u00e9boucher sur de belles amiti\u00e9s. Bref de donner de la vie et de l&#8217;envie \u00e0 notre village.&nbsp;<\/p>\n\n\n\n<p>Diff\u00e9rentes actions sont men\u00e9es tout au long de l&#8217;ann\u00e9e. C\u00f4t\u00e9 culture, le foyer organise diff\u00e9rentes actions comme la soir\u00e9e Gospel dans notre \u00e9glise, le concert &#8220;Jazz au Perchay&#8221; ou encore la mise en place de la biblioth\u00e8que &#8220;La bo\u00eete aux livres&#8221;. Pour les loisirs, organisation entre autres du Loto, de la soir\u00e9e Halloween et aussi notre M\u00e9choui annuel au mois de Juin. Enfin, le sport n&#8217;est pas oubli\u00e9 avec un cours de Gym organis\u00e9 tous les mercredis \u00e0 la salle des f\u00eates.   <\/p>\n\n\n\n<p>Le foyer rural se compose d&#8217;une quinzaine de personnes appartenant au conseil d&#8217;administration, le bureau est compos\u00e9 de quatre membres.&nbsp;<br>&#8211; Dominique Rittener, tr\u00e9sori\u00e8re.&nbsp;<\/p>\n\n\n\n<p>&#8211; Bernard Delaroche, secr\u00e9taire.\u00a0<\/p>\n\n\n\n<p>&#8211; Sophie Dovilez vice pr\u00e9sident.\u00a0<\/p>\n\n\n\n<p>&#8211; Alain Galvaing President.&nbsp;<br><\/p>\n\n\n\n<p>Le Foyer est joignable via son site Facebook et \u00e0 l&#8217;adresse suivante&nbsp;&nbsp;<a rel=\"noreferrer noopener\" href=\"mailto:fr.leperchay@gmail.com\" target=\"_blank\">fr.leperchay@gmail.com<\/a>.&nbsp;<\/p>\n","protected":false},"excerpt":{"rendered":"<p>Le Foyer rural est une association \u00e0 but non lucratif dont la principale activit\u00e9 est l&#8217;animation de notre village. Ces animations peuvent \u00eatre culturelles, sportives ou de loisirs. Le but \u00e9tant de faire participer&#46;&#46;&#46;<\/p>\n","protected":false},"author":2,"featured_media":1070,"parent":0,"menu_order":0,"comment_status":"closed","ping_status":"closed","template":"","meta":{"footnotes":""},"class_list":["post-1067","page","type-page","status-publish","has-post-thumbnail","hentry"],"_links":{"self":[{"href":"https:\/\/leperchay.fr\/index.php\/wp-json\/wp\/v2\/pages\/1067","targetHints":{"allow":["GET"]}}],"collection":[{"href":"https:\/\/leperchay.fr\/index.php\/wp-json\/wp\/v2\/pages"}],"about":[{"href":"https:\/\/leperchay.fr\/index.php\/wp-json\/wp\/v2\/types\/page"}],"author":[{"embeddable":true,"href":"https:\/\/leperchay.fr\/index.php\/wp-json\/wp\/v2\/users\/2"}],"replies":[{"embeddable":true,"href":"https:\/\/leperchay.fr\/index.php\/wp-json\/wp\/v2\/comments?post=1067"}],"version-history":[{"count":0,"href":"https:\/\/leperchay.fr\/index.php\/wp-json\/wp\/v2\/pages\/1067\/revisions"}],"wp:featuredmedia":[{"embeddable":true,"href":"https:\/\/leperchay.fr\/index.php\/wp-json\/"}],"wp:attachment":[{"href":"https:\/\/leperchay.fr\/index.php\/wp-json\/wp\/v2\/media?parent=1067"}],"curies":[{"name":"wp","href":"https:\/\/api.w.org\/{rel}","templated":true}]}}