{"id":1027,"date":"2020-07-07T23:22:29","date_gmt":"2020-07-07T21:22:29","guid":{"rendered":"https:\/\/www2.leperchay.fr\/?page_id=1027"},"modified":"2020-07-07T23:22:29","modified_gmt":"2020-07-07T21:22:29","slug":"nuisances-sonores","status":"publish","type":"page","link":"https:\/\/leperchay.fr\/index.php\/nuisances-sonores\/","title":{"rendered":"Nuisances Sonores"},"content":{"rendered":"\n<p>Par arr\u00eat\u00e9 municipal du 4 mai 2016, les travaux de bricolage ou de jardinage r\u00e9alis\u00e9s par des particuliers a l&#8217;aide d&#8217;outils ou d&#8217;appareils susceptibles de causer une g\u00eane pour le voisinage en raison de leur intensit\u00e9 sonore, tels que tondeuse \u00e0 gazon, tron\u00e7onneuses, perceuses, raboteuses, scies \u00e9lectriques ne peuvent \u00eatre effectu\u00e9s que:<\/p>\n\n\n\n<ul class=\"wp-block-list\"><li>Du lundi au vendredi de 8h30 \u00e0 12h et de 14h \u00e0 19h30<\/li><li>Le samedi de 9h \u00e0 12h et de 14h \u00e0 19h30<\/li><li>Le dimanche et jours f\u00e9ri\u00e9s de 10h \u00e0 12h<\/li><\/ul>\n","protected":false},"excerpt":{"rendered":"<p>Par arr\u00eat\u00e9 municipal du 4 mai 2016, les travaux de bricolage ou de jardinage r\u00e9alis\u00e9s par des particuliers a l&#8217;aide d&#8217;outils ou d&#8217;appareils susceptibles de causer une g\u00eane pour le voisinage en raison de&#46;&#46;&#46;<\/p>\n","protected":false},"author":4,"featured_media":0,"parent":0,"menu_order":0,"comment_status":"closed","ping_status":"closed","template":"","meta":{"footnotes":""},"class_list":["post-1027","page","type-page","status-publish","hentry"],"_links":{"self":[{"href":"https:\/\/leperchay.fr\/index.php\/wp-json\/wp\/v2\/pages\/1027","targetHints":{"allow":["GET"]}}],"collection":[{"href":"https:\/\/leperchay.fr\/index.php\/wp-json\/wp\/v2\/pages"}],"about":[{"href":"https:\/\/leperchay.fr\/index.php\/wp-json\/wp\/v2\/types\/page"}],"author":[{"embeddable":true,"href":"https:\/\/leperchay.fr\/index.php\/wp-json\/wp\/v2\/users\/4"}],"replies":[{"embeddable":true,"href":"https:\/\/leperchay.fr\/index.php\/wp-json\/wp\/v2\/comments?post=1027"}],"version-history":[{"count":0,"href":"https:\/\/leperchay.fr\/index.php\/wp-json\/wp\/v2\/pages\/1027\/revisions"}],"wp:attachment":[{"href":"https:\/\/leperchay.fr\/index.php\/wp-json\/wp\/v2\/media?parent=1027"}],"curies":[{"name":"wp","href":"https:\/\/api.w.org\/{rel}","templated":true}]}}