{"id":1005,"date":"2020-06-21T16:15:33","date_gmt":"2020-06-21T15:15:33","guid":{"rendered":"http:\/\/www.leperchay.fr\/?page_id=894"},"modified":"2020-06-21T16:15:33","modified_gmt":"2020-06-21T15:15:33","slug":"la-boite-aux-livres","status":"publish","type":"page","link":"https:\/\/leperchay.fr\/index.php\/la-boite-aux-livres\/","title":{"rendered":"La bo\u00eete aux livres"},"content":{"rendered":"<div class=\"wpb_column vc_column_container vc_col-sm-9\">\n<div class=\"wpb_wrapper\">\n<div class=\"wpb_text_column wpb_content_element \">\n<div class=\"wpb_wrapper\">\n<p><strong>Chers lecteurs Perchois,<\/strong><\/p>\n<p>La biblioth\u00e8que du Perchay a ouvert ses portes en janvier 2018.<\/p>\n<p>Situ\u00e9e au 4, rue de la Mairie dans le local du foyer rural \u00e0 gauche de la mairie. La porte d\u2019acc\u00e8s se trouve \u00e0 l\u2019arri\u00e8re du b\u00e2timent.<\/p>\n<p>La <strong>BO\u00ceTE AUX LIVRES <\/strong>vous propose\u00a0:<\/p>\n<ul>\n<li>romans en tout genre (terroir, policier, classique\u2026), tout public,<\/li>\n<li>BD, romans graphiques, albums jeunesse, mangas,<\/li>\n<li>documentaires,<\/li>\n<li>CD, DVD\u2026<\/li>\n<\/ul>\n<p>Des b\u00e9n\u00e9voles sont pr\u00e9sents pour vous accueillir, vous conseiller et assurer le suivi des retours et pr\u00eats d\u2019ouvrages.<\/p>\n<p>D\u00e8s que les conditions sanitaires le permettront, Gilles reprendra la lecture des contes et animera un atelier sur le th\u00e8me abord\u00e9 lors des permanences du mardi soir. Pour cela, l\u2019inscription est indispensable vu le succ\u00e8s emport\u00e9. Cela se fait au plus tard le samedi pr\u00e9c\u00e9dent, soit \u00e0 la permanence, soit par mail \u00e0 l\u2019adresse suivante\u00a0: <a href=\"mailto:laboiteauxlivres95@gmail.com\"><strong>laboiteauxlivres95@gmail.com<\/strong><\/a><\/p>\n<p>Nous recherchons \u00e9galement des b\u00e9n\u00e9voles pour les permanences.<\/p>\n<p>Pour les personnes int\u00e9ress\u00e9es, contactez-nous \u00e0 la biblioth\u00e8que pendant les heures d\u2019ouverture<strong>.<\/strong><\/p>\n<p>L\u2019inscription payante est annuelle et s\u2019\u00e9l\u00e8ve \u00e0 10 \u20ac par famille pour les habitants du Perchay et \u00e0 15 \u20ac pour les habitants des villages voisins. Une r\u00e9duction de 5 \u20ac est appliqu\u00e9e pour les membres du foyer rural du Perchay.<\/p>\n<p>Nous vous esp\u00e9rons nombreux. A tr\u00e8s bient\u00f4t\u00a0!<\/p>\n<p>L\u2019\u00e9quipe de la bo\u00eete aux livres.<\/p>\n<\/div>\n<\/div>\n<\/div>\n<\/div>\n","protected":false},"excerpt":{"rendered":"<p>Chers lecteurs Perchois, La biblioth\u00e8que du Perchay a ouvert ses portes en janvier 2018. Situ\u00e9e au 4, rue de la Mairie dans le local du foyer rural \u00e0 gauche de la mairie. La porte&#46;&#46;&#46;<\/p>\n","protected":false},"author":2,"featured_media":0,"parent":0,"menu_order":0,"comment_status":"closed","ping_status":"closed","template":"","meta":{"footnotes":""},"class_list":["post-1005","page","type-page","status-publish","hentry"],"_links":{"self":[{"href":"https:\/\/leperchay.fr\/index.php\/wp-json\/wp\/v2\/pages\/1005","targetHints":{"allow":["GET"]}}],"collection":[{"href":"https:\/\/leperchay.fr\/index.php\/wp-json\/wp\/v2\/pages"}],"about":[{"href":"https:\/\/leperchay.fr\/index.php\/wp-json\/wp\/v2\/types\/page"}],"author":[{"embeddable":true,"href":"https:\/\/leperchay.fr\/index.php\/wp-json\/wp\/v2\/users\/2"}],"replies":[{"embeddable":true,"href":"https:\/\/leperchay.fr\/index.php\/wp-json\/wp\/v2\/comments?post=1005"}],"version-history":[{"count":0,"href":"https:\/\/leperchay.fr\/index.php\/wp-json\/wp\/v2\/pages\/1005\/revisions"}],"wp:attachment":[{"href":"https:\/\/leperchay.fr\/index.php\/wp-json\/wp\/v2\/media?parent=1005"}],"curies":[{"name":"wp","href":"https:\/\/api.w.org\/{rel}","templated":true}]}}